{"id":256087,"date":"2020-12-28T16:07:35","date_gmt":"2020-12-28T16:07:35","guid":{"rendered":"https:\/\/vti.95.179.213.57.altelis.com\/mentions-legales\/"},"modified":"2021-06-16T13:18:16","modified_gmt":"2021-06-16T13:18:16","slug":"legal-notice","status":"publish","type":"page","link":"https:\/\/www.visatravel.fr\/en\/legal-notice\/","title":{"rendered":"Legal Notice"},"content":{"rendered":"<p>[et_pb_section fb_built=&#8221;1&#8243; admin_label=&#8221;Header &#8211; Bandeau | Section&#8221; module_class=&#8221;global-section bandeau-title-section dark-bg animation-type for-toBottom&#8221; _builder_version=&#8221;4.7.4&#8243; background_enable_image=&#8221;off&#8221; locked=&#8221;off&#8221; collapsed=&#8221;off&#8221;][et_pb_row admin_label=&#8221;Titre | Row&#8221; module_class=&#8221;bandeau-title-row&#8221; _builder_version=&#8221;4.7.4&#8243; width=&#8221;100%&#8221; max_width=&#8221;100%&#8221; height=&#8221;100%&#8221;][et_pb_column type=&#8221;4_4&#8243; module_class=&#8221;col1&#8243; _builder_version=&#8221;4.4.1&#8243;][et_pb_text module_class=&#8221;bandeau-title-module&#8221; _builder_version=&#8221;4.7.4&#8243; _module_preset=&#8221;default&#8221;]<\/p>\n<h1>Legal notice<\/h1>\n<p>[\/et_pb_text][\/et_pb_column][\/et_pb_row][\/et_pb_section][et_pb_section fb_built=&#8221;1&#8243; admin_label=&#8221;Titres | Section&#8221; module_class=&#8221;global-section legal-notices-section animation-type for-toRight&#8221; _builder_version=&#8221;4.7.4&#8243; _module_preset=&#8221;default&#8221;][et_pb_row column_structure=&#8221;1_3,1_3,1_3&#8243; make_equal=&#8221;on&#8221; admin_label=&#8221;Mentions l\u00e9gales &#8211; Row 3 Modules&#8221; module_class=&#8221;legal-notices-row&#8221; _builder_version=&#8221;4.7.4&#8243; _module_preset=&#8221;default&#8221;][et_pb_column type=&#8221;1_3&#8243; _builder_version=&#8221;4.7.4&#8243; _module_preset=&#8221;default&#8221;][et_pb_text admin_label=&#8221;Module Owner&#8221; module_class=&#8221;title-module left&#8221; _builder_version=&#8221;4.7.4&#8243; _module_preset=&#8221;default&#8221; custom_margin=&#8221;|-22px||||&#8221; custom_padding=&#8221;|0px||||&#8221;]<\/p>\n<h4 class=\"main-title\">Owner:<br \/> Visas Conseils et Services<\/h4>\n<p><strong>Phone<\/strong>:<span>\u00a0<\/span><a href=\"tel:+33142251365\">+33 (0)1 42 25 13 65<\/a><\/p>\n<p><strong>Address<\/strong>: 116, rue Lauriston &#8211; 75116 Paris &#8211; France<\/p>\n<p><strong>Siret<\/strong>: N\u00b088864143800021<\/p>\n<p><strong>RCS<\/strong>: Paris 888 641 438<\/p>\n<p><strong>Intracommunautary VAT<\/strong>:<span>\u00a0<\/span>\u00a0FR91888641438<\/p>\n<p><strong>Legal form<\/strong>: Simplified joint stock company<\/p>\n<p><strong>Share capital<\/strong>: 10.000,00 Euros<\/p>\n<p>[\/et_pb_text][\/et_pb_column][et_pb_column type=&#8221;1_3&#8243; _builder_version=&#8221;4.7.4&#8243; _module_preset=&#8221;default&#8221;][et_pb_text admin_label=&#8221;Module Altelis&#8221; module_class=&#8221;title-module left&#8221; _builder_version=&#8221;4.7.4&#8243; _module_preset=&#8221;default&#8221; custom_margin=&#8221;|-10px||||&#8221; custom_padding=&#8221;|0px|0px|||&#8221;]<\/p>\n<h4 class=\"main-title\">Creation of the site:<br \/> Altelis<\/h4>\n<p><strong>Phone<\/strong>:<span>\u00a0<\/span><a href=\"tel:+33 (0)1 85 09 74 06\">+33 (0)1 85 09 74 06<\/a><\/p>\n<p><strong>Address<\/strong>: 37, rue Adam Ledoux \u2013 92400 Courbevoie \u2013 France<\/p>\n<p><strong>Siret<\/strong>: N\u00b080164723100050<\/p>\n<p><strong>RCS<\/strong>: Paris B 801647231<\/p>\n<p><strong>Intracommunautary VAT<\/strong>:<span>\u00a0<\/span>\u00a0FR44801647231<\/p>\n<p><strong>Legal form<\/strong>: Limited liability company<\/p>\n<p><strong>Share capital<\/strong>: 100.000,00 Euros<\/p>\n<p>[\/et_pb_text][\/et_pb_column][et_pb_column type=&#8221;1_3&#8243; _builder_version=&#8221;4.7.4&#8243; _module_preset=&#8221;default&#8221;][et_pb_text admin_label=&#8221;Module H\u00e9bergeur&#8221; module_class=&#8221;title-module left&#8221; _builder_version=&#8221;4.7.4&#8243; _module_preset=&#8221;default&#8221;]<\/p>\n<h4 class=\"main-title\">Host: <br \/>OVH<\/h4>\n<p><strong>Phone<\/strong>:<span>\u00a0<\/span><a href=\"tel:+33 (0)8 99 70 17 61\">+33 (0)8 99 70 17 61<\/a><\/p>\n<p><strong>Address<\/strong>: 2, rue Kellermann \u2013 59100 Roubaix \u2013 France<\/p>\n<p><strong>Siret<\/strong>: N\u00b042476141900045<\/p>\n<p><strong>RCS<\/strong>: Lille Metropole B 424761419<\/p>\n<p><strong>Intracommunautary VAT<\/strong>: FR22424761419<\/p>\n<p><strong>Legal form<\/strong>: Joint stock company<\/p>\n<p><strong>Share capital<\/strong>: 10.000.000,00 Euros<\/p>\n<p>[\/et_pb_text][\/et_pb_column][\/et_pb_row][\/et_pb_section]<\/p>\n","protected":false},"excerpt":{"rendered":"<p>Legal noticeOwner: Visas Conseils et Services Phone:\u00a0+33 (0)1 42 25 13 65 Address: 116, rue Lauriston &#8211; 75116 Paris &#8211; France Siret: N\u00b088864143800021 RCS: Paris 888 641 438 Intracommunautary VAT:\u00a0\u00a0FR91888641438 Legal form: Simplified joint stock company Share capital: 10.000,00 EurosCreation of the site: Altelis Phone:\u00a0+33 (0)1 85 09 74 06 Address: 37, rue Adam Ledoux [&hellip;]<\/p>\n","protected":false},"author":1,"featured_media":0,"parent":0,"menu_order":0,"comment_status":"closed","ping_status":"closed","template":"","meta":{"_et_pb_use_builder":"on","_et_pb_old_content":"","_et_gb_content_width":""},"yoast_head":"<!-- This site is optimized with the Yoast SEO plugin v19.7.1 - https:\/\/yoast.com\/wordpress\/plugins\/seo\/ -->\n<title>VTI visa obtaining Agency | Paris | Legal Notice<\/title>\n<meta name=\"description\" content=\"Find legal information and website information on Visa Travel International.\" \/>\n<meta name=\"robots\" content=\"index, follow, max-snippet:-1, max-image-preview:large, max-video-preview:-1\" \/>\n<link rel=\"canonical\" href=\"https:\/\/www.visatravel.fr\/en\/legal-notice\/\" \/>\n<meta property=\"og:locale\" content=\"en_US\" \/>\n<meta property=\"og:type\" content=\"article\" \/>\n<meta property=\"og:title\" content=\"VTI visa obtaining Agency | Paris | Legal Notice\" \/>\n<meta property=\"og:description\" content=\"Find legal information and website information on Visa Travel International.\" \/>\n<meta property=\"og:url\" content=\"https:\/\/www.visatravel.fr\/en\/legal-notice\/\" \/>\n<meta property=\"og:site_name\" content=\"Visa Travel International\" \/>\n<meta property=\"article:modified_time\" content=\"2021-06-16T13:18:16+00:00\" \/>\n<meta name=\"twitter:card\" content=\"summary_large_image\" \/>\n<meta name=\"twitter:label1\" content=\"Est. reading time\" \/>\n\t<meta name=\"twitter:data1\" content=\"2 minutes\" \/>\n<script type=\"application\/ld+json\" class=\"yoast-schema-graph\">{\"@context\":\"https:\/\/schema.org\",\"@graph\":[{\"@type\":\"WebPage\",\"@id\":\"https:\/\/www.visatravel.fr\/en\/legal-notice\/\",\"url\":\"https:\/\/www.visatravel.fr\/en\/legal-notice\/\",\"name\":\"VTI visa obtaining Agency | Paris | Legal Notice\",\"isPartOf\":{\"@id\":\"https:\/\/www.visatravel.fr\/en\/#website\"},\"datePublished\":\"2020-12-28T16:07:35+00:00\",\"dateModified\":\"2021-06-16T13:18:16+00:00\",\"description\":\"Find legal information and website information on Visa Travel International.\",\"breadcrumb\":{\"@id\":\"https:\/\/www.visatravel.fr\/en\/legal-notice\/#breadcrumb\"},\"inLanguage\":\"en-US\",\"potentialAction\":[{\"@type\":\"ReadAction\",\"target\":[\"https:\/\/www.visatravel.fr\/en\/legal-notice\/\"]}]},{\"@type\":\"BreadcrumbList\",\"@id\":\"https:\/\/www.visatravel.fr\/en\/legal-notice\/#breadcrumb\",\"itemListElement\":[{\"@type\":\"ListItem\",\"position\":1,\"name\":\"Home\",\"item\":\"https:\/\/www.visatravel.fr\/en\/\"},{\"@type\":\"ListItem\",\"position\":2,\"name\":\"Legal Notice\"}]},{\"@type\":\"WebSite\",\"@id\":\"https:\/\/www.visatravel.fr\/en\/#website\",\"url\":\"https:\/\/www.visatravel.fr\/en\/\",\"name\":\"Visa Travel International\",\"description\":\"Visa Travel International est une soci\u00e9t\u00e9 fran\u00e7aise d\u00e9di\u00e9e \u00e0 la mobilit\u00e9 dans le monde, dirig\u00e9e par des professionnels du tourisme \u00e0 votre \u00e9coute.\",\"potentialAction\":[{\"@type\":\"SearchAction\",\"target\":{\"@type\":\"EntryPoint\",\"urlTemplate\":\"https:\/\/www.visatravel.fr\/en\/?s={search_term_string}\"},\"query-input\":\"required name=search_term_string\"}],\"inLanguage\":\"en-US\"}]}<\/script>\n<!-- \/ Yoast SEO plugin. -->","yoast_head_json":{"title":"VTI visa obtaining Agency | Paris | Legal Notice","description":"Find legal information and website information on Visa Travel International.","robots":{"index":"index","follow":"follow","max-snippet":"max-snippet:-1","max-image-preview":"max-image-preview:large","max-video-preview":"max-video-preview:-1"},"canonical":"https:\/\/www.visatravel.fr\/en\/legal-notice\/","og_locale":"en_US","og_type":"article","og_title":"VTI visa obtaining Agency | Paris | Legal Notice","og_description":"Find legal information and website information on Visa Travel International.","og_url":"https:\/\/www.visatravel.fr\/en\/legal-notice\/","og_site_name":"Visa Travel International","article_modified_time":"2021-06-16T13:18:16+00:00","twitter_card":"summary_large_image","twitter_misc":{"Est. reading time":"2 minutes"},"schema":{"@context":"https:\/\/schema.org","@graph":[{"@type":"WebPage","@id":"https:\/\/www.visatravel.fr\/en\/legal-notice\/","url":"https:\/\/www.visatravel.fr\/en\/legal-notice\/","name":"VTI visa obtaining Agency | Paris | Legal Notice","isPartOf":{"@id":"https:\/\/www.visatravel.fr\/en\/#website"},"datePublished":"2020-12-28T16:07:35+00:00","dateModified":"2021-06-16T13:18:16+00:00","description":"Find legal information and website information on Visa Travel International.","breadcrumb":{"@id":"https:\/\/www.visatravel.fr\/en\/legal-notice\/#breadcrumb"},"inLanguage":"en-US","potentialAction":[{"@type":"ReadAction","target":["https:\/\/www.visatravel.fr\/en\/legal-notice\/"]}]},{"@type":"BreadcrumbList","@id":"https:\/\/www.visatravel.fr\/en\/legal-notice\/#breadcrumb","itemListElement":[{"@type":"ListItem","position":1,"name":"Home","item":"https:\/\/www.visatravel.fr\/en\/"},{"@type":"ListItem","position":2,"name":"Legal Notice"}]},{"@type":"WebSite","@id":"https:\/\/www.visatravel.fr\/en\/#website","url":"https:\/\/www.visatravel.fr\/en\/","name":"Visa Travel International","description":"Visa Travel International est une soci\u00e9t\u00e9 fran\u00e7aise d\u00e9di\u00e9e \u00e0 la mobilit\u00e9 dans le monde, dirig\u00e9e par des professionnels du tourisme \u00e0 votre \u00e9coute.","potentialAction":[{"@type":"SearchAction","target":{"@type":"EntryPoint","urlTemplate":"https:\/\/www.visatravel.fr\/en\/?s={search_term_string}"},"query-input":"required name=search_term_string"}],"inLanguage":"en-US"}]}},"_links":{"self":[{"href":"https:\/\/www.visatravel.fr\/en\/wp-json\/wp\/v2\/pages\/256087"}],"collection":[{"href":"https:\/\/www.visatravel.fr\/en\/wp-json\/wp\/v2\/pages"}],"about":[{"href":"https:\/\/www.visatravel.fr\/en\/wp-json\/wp\/v2\/types\/page"}],"author":[{"embeddable":true,"href":"https:\/\/www.visatravel.fr\/en\/wp-json\/wp\/v2\/users\/1"}],"replies":[{"embeddable":true,"href":"https:\/\/www.visatravel.fr\/en\/wp-json\/wp\/v2\/comments?post=256087"}],"version-history":[{"count":21,"href":"https:\/\/www.visatravel.fr\/en\/wp-json\/wp\/v2\/pages\/256087\/revisions"}],"predecessor-version":[{"id":269350,"href":"https:\/\/www.visatravel.fr\/en\/wp-json\/wp\/v2\/pages\/256087\/revisions\/269350"}],"wp:attachment":[{"href":"https:\/\/www.visatravel.fr\/en\/wp-json\/wp\/v2\/media?parent=256087"}],"curies":[{"name":"wp","href":"https:\/\/api.w.org\/{rel}","templated":true}]}}