{"id":256079,"date":"2020-12-29T16:30:04","date_gmt":"2020-12-29T16:30:04","guid":{"rendered":"https:\/\/vti.95.179.213.57.altelis.com\/aide-faq\/"},"modified":"2021-01-27T14:51:48","modified_gmt":"2021-01-27T14:51:48","slug":"help-faq","status":"publish","type":"page","link":"https:\/\/www.visatravel.fr\/en\/help-faq\/","title":{"rendered":"Help &#8211; Frequently Asked Questions"},"content":{"rendered":"\n\n\n[et_pb_section fb_built=&#8221;1&#8243; admin_label=&#8221;Header &#8211; Bandeau | Section&#8221; module_class=&#8221; global-section bandeau-title-section dark-bg animation-type for-toBottom&#8221; _builder_version=&#8221;4.7.4&#8243; background_enable_image=&#8221;off&#8221; locked=&#8221;off&#8221; collapsed=&#8221;on&#8221;][et_pb_row admin_label=&#8221;Titre | Row&#8221; module_class=&#8221;bandeau-title-row&#8221; _builder_version=&#8221;4.7.4&#8243; width=&#8221;100%&#8221; max_width=&#8221;100%&#8221; height=&#8221;100%&#8221;][et_pb_column type=&#8221;4_4&#8243; module_class=&#8221;col1&#8243; _builder_version=&#8221;4.4.1&#8243;][et_pb_text module_class=&#8221;bandeau-title-module&#8221; _builder_version=&#8221;4.7.4&#8243; _module_preset=&#8221;default&#8221;]<h1>Help &#8211; FAQ<\/h1>[\/et_pb_text][\/et_pb_column][\/et_pb_row][\/et_pb_section][et_pb_section fb_built=&#8221;1&#8243; admin_label=&#8221;Menu &#8211; Toggle | Section&#8221; module_class=&#8221;global-section neto-menu-section toggled animation-type for-toRight two-items-menu-section&#8221; _builder_version=&#8221;4.7.4&#8243; _module_preset=&#8221;default&#8221; collapsed=&#8221;off&#8221;][et_pb_row column_structure=&#8221;1_2,1_2&#8243; use_custom_gutter=&#8221;on&#8221; gutter_width=&#8221;2&#8243; make_equal=&#8221;on&#8221; admin_label=&#8221;Menu &#8211; Triggers | Row&#8221; module_class=&#8221;neto-menu-trigger-row&#8221; _builder_version=&#8221;4.7.4&#8243; _module_preset=&#8221;default&#8221; animation_direction=&#8221;top&#8221;][et_pb_column type=&#8221;1_2&#8243; _builder_version=&#8221;4.7.4&#8243; _module_preset=&#8221;default&#8221;][et_pb_blurb admin_label=&#8221;Visas&#8221; module_id=&#8221;div-1&#8243; module_class=&#8221;menustyle-button-module informations-conditions div-trigger div-trigger-open-first active&#8221; _builder_version=&#8221;4.7.4&#8243; _module_preset=&#8221;default&#8221;]<span class=\"icon-informations-conditions\"><\/span><\/p>\r\n<p>Visas<\/p>[\/et_pb_blurb][\/et_pb_column][et_pb_column type=&#8221;1_2&#8243; _builder_version=&#8221;4.7.4&#8243; _module_preset=&#8221;default&#8221;][et_pb_blurb admin_label=&#8221;L\u00e9galisations&#8221; module_id=&#8221;div-2&#8243; module_class=&#8221;menustyle-button-module documents div-trigger&#8221; _builder_version=&#8221;4.7.4&#8243; _module_preset=&#8221;default&#8221;]<span class=\"icon-documents\"><\/span><\/p>\r\n<p>Legalizations<\/p>[\/et_pb_blurb][\/et_pb_column][\/et_pb_row][et_pb_row admin_label=&#8221;1 &#8211; Menu &#8211; Content | Row&#8221; module_id=&#8221;div-to-show&#8221; module_class=&#8221;neto-menu-content-row div-content div-1 animation-type for-toRight menu-from-left&#8221; _builder_version=&#8221;4.7.4&#8243; _module_preset=&#8221;default&#8221; animation_style=&#8221;slide&#8221; animation_direction=&#8221;left&#8221; animation_delay=&#8221;700ms&#8221; animation_intensity_slide=&#8221;5%&#8221;][et_pb_column type=&#8221;4_4&#8243; module_class=&#8221;menu-from-left-trigger-animation&#8221; _builder_version=&#8221;4.7.4&#8243; _module_preset=&#8221;default&#8221;][et_pb_accordion admin_label=&#8221;Visas&#8221; _builder_version=&#8221;4.7.4&#8243; _module_preset=&#8221;default&#8221; hover_enabled=&#8221;0&#8243; sticky_enabled=&#8221;0&#8243;][et_pb_accordion_item title=&#8221;Do I have to provide my original passport for a Visa application?&#8221; open=&#8221;on&#8221; _builder_version=&#8221;4.7.4&#8243; _module_preset=&#8221;default&#8221; toggle_level=&#8221;h3&#8243;]The original passport is required for all visa applications outside of eVisa.[\/et_pb_accordion_item][et_pb_accordion_item title=&#8221;Can I travel with a damaged but still valid passport?&#8221; _builder_version=&#8221;4.7.4&#8243; _module_preset=&#8221;default&#8221; hover_enabled=&#8221;0&#8243; toggle_level=&#8221;h3&#8243; open=&#8221;off&#8221; sticky_enabled=&#8221;0&#8243;]Be sure to provide a passport in good condition! Not only would you risk being refused your visa application and, if it is accepted, being refused access to the territory when you pass through the border post.[\/et_pb_accordion_item][et_pb_accordion_item title=&#8221;Can I apply for a Visa with an expired passport?&#8221; _builder_version=&#8221;4.7.4&#8243; _module_preset=&#8221;default&#8221; hover_enabled=&#8221;0&#8243; toggle_level=&#8221;h3&#8243; open=&#8221;off&#8221; sticky_enabled=&#8221;0&#8243;]No, generally your passport must have a minimum validity of 6 months after the date of your trip. Check the country of destination sheet to know the consulate&#8217;s expectations in this regard.[\/et_pb_accordion_item][et_pb_accordion_item title=&#8221;Can I provide scanned photographs for a Visa application?&#8221; _builder_version=&#8221;4.7.4&#8243; _module_preset=&#8221;default&#8221; toggle_level=&#8221;h3&#8243; open=&#8221;off&#8221;]No, you must submit original photographs. Only an eVisa request can offer a scanned photograph.[\/et_pb_accordion_item][et_pb_accordion_item title=&#8221;Can I provide black and white photographs?&#8221; _builder_version=&#8221;4.7.4&#8243; _module_preset=&#8221;default&#8221; toggle_level=&#8221;h3&#8243; open=&#8221;off&#8221;]No, the photographs proposed must be in color with, preferably, a light background.[\/et_pb_accordion_item][et_pb_accordion_item title=&#8221;Can I wear glasses in my photographs?&#8221; _builder_version=&#8221;4.7.4&#8243; _module_preset=&#8221;default&#8221; toggle_level=&#8221;h3&#8243; open=&#8221;off&#8221;]Some consulates accept others not. We therefore advise you to provide photos without glasses.[\/et_pb_accordion_item][et_pb_accordion_item title=&#8221;Can I complete my Visa application form in pencil?&#8221; _builder_version=&#8221;4.7.4&#8243; _module_preset=&#8221;default&#8221; toggle_level=&#8221;h3&#8243; open=&#8221;off&#8221;]No, when the form is to be written by hand, you must complete it with a blue or black pen. Avoid felt-tip pens, opt for pen tips.[\/et_pb_accordion_item][et_pb_accordion_item title=&#8221;Can I send you my Visa application form by email?&#8221; _builder_version=&#8221;4.7.4&#8243; _module_preset=&#8221;default&#8221; toggle_level=&#8221;h3&#8243; open=&#8221;off&#8221;]Most consulates require that the forms offered when applying for a Visa bear the applicant&#8217;s original signature. Therefore, sending this document by email is prohibited.[\/et_pb_accordion_item][et_pb_accordion_item title=&#8221;Do I have to complete all sections of a Visa application form?&#8221; _builder_version=&#8221;4.7.4&#8243; _module_preset=&#8221;default&#8221; toggle_level=&#8221;h3&#8243; open=&#8221;off&#8221;]Yes, even if some of the questions asked may sometimes seem irrelevant to you in relation to a Visa application. An incorrectly completed form can lead to Visa refusal.[\/et_pb_accordion_item][et_pb_accordion_item title=&#8221;Can I apply for a tourist Visa even if the purpose of the trip is professional?&#8221; _builder_version=&#8221;4.7.4&#8243; _module_preset=&#8221;default&#8221; toggle_level=&#8221;h3&#8243; open=&#8221;off&#8221;]We will always advise you to obtain a Visa in connection with your activity there. Some countries track down &#8220;bogus tourists&#8221; and you will therefore be liable to penalties ranging from a simple fine to many more.[\/et_pb_accordion_item][et_pb_accordion_item title=&#8221;Can I use my Visa whenever I want as I want?&#8221; _builder_version=&#8221;4.7.4&#8243; _module_preset=&#8221;default&#8221; toggle_level=&#8221;h3&#8243; open=&#8221;off&#8221;]Yes and no! You must scrupulously respect what your Visa offers you as a possibility, both in terms of validity dates, the number of entries or the type of activity that you can exercise on site.[\/et_pb_accordion_item][et_pb_accordion_item title=&#8221;Can I be refused my Visa application? For what reasons?&#8221; _builder_version=&#8221;4.7.4&#8243; _module_preset=&#8221;default&#8221; toggle_level=&#8221;h3&#8243; open=&#8221;off&#8221;]Unfortunately yes! As many embassies and consulates like to point out, obtaining a Visa is not a right but a privilege granted by the host country.Your application can be refused both because your file is incomplete or badly completed but also for other reasons which sometimes remain at the discretion of the embassy or consulate.[\/et_pb_accordion_item][et_pb_accordion_item title=&#8221;Can I apply for a Visa without having already defined travel dates?&#8221; _builder_version=&#8221;4.7.4&#8243; _module_preset=&#8221;default&#8221; toggle_level=&#8221;h3&#8243; open=&#8221;off&#8221;]Some consulates require your flight tickets when you apply for a Visa, others do not. Refer to the destination country file to know the consulate&#8217;s expectations on this subject.[\/et_pb_accordion_item][et_pb_accordion_item title=&#8221;How do I know if my trip requires a Visa application?&#8221; _builder_version=&#8221;4.7.4&#8243; _module_preset=&#8221;default&#8221; toggle_level=&#8221;h3&#8243; open=&#8221;off&#8221;]Refer to the destination country sheet to find out if a Visa is necessary or not.[\/et_pb_accordion_item][et_pb_accordion_item title=&#8221;Is my presence compulsory for submitting my Visa application?&#8221; _builder_version=&#8221;4.7.4&#8243; _module_preset=&#8221;default&#8221; toggle_level=&#8221;h3&#8243; open=&#8221;off&#8221;]No, the presence of the applicant is not mandatory except when you have to offer your fingerprints or when the consulate wishes to see you for an interview prior to the acceptance of your application.[\/et_pb_accordion_item][et_pb_accordion_item title=&#8221;Can I get my Visa urgently for all destinations?&#8221; _builder_version=&#8221;4.7.4&#8243; _module_preset=&#8221;default&#8221; toggle_level=&#8221;h3&#8243; open=&#8221;off&#8221;]No, some consulates offer urgent processing of requests, others do not. Refer to the country of destination sheet to find out about the possibilities offered by the consulate on this subject.[\/et_pb_accordion_item][et_pb_accordion_item title=&#8221;Can I have my Visa extended on site?&#8221; _builder_version=&#8221;4.7.4&#8243; _module_preset=&#8221;default&#8221; toggle_level=&#8221;h3&#8243; open=&#8221;off&#8221;]This remains at the goodwill of the authorities of the host country. If this is generally possible, do not make your request for an extension at the last moment, otherwise you will be refused.[\/et_pb_accordion_item][et_pb_accordion_item title=&#8221;Can I apply for a Visa from a country other than that of my nationality \/ residence?&#8221; _builder_version=&#8221;4.7.4&#8243; _module_preset=&#8221;default&#8221; toggle_level=&#8221;h3&#8243; open=&#8221;off&#8221;]This is still possible under certain conditions. You must contact the consular service of the destination country from where you are.[\/et_pb_accordion_item][et_pb_accordion_item title=&#8221;Is the eVisa equivalent to a classic Visa?&#8221; _builder_version=&#8221;4.7.4&#8243; _module_preset=&#8221;default&#8221; toggle_level=&#8221;h3&#8243; open=&#8221;off&#8221;]Yes, the eVisa is a full-fledged Visa. Instead of a Visa stuck on one of the pages of your passport, you will receive it electronically. Please note, once received you will have to print it out to be able to offer it for boarding and arrival.[\/et_pb_accordion_item][\/et_pb_accordion][\/et_pb_column][\/et_pb_row][et_pb_row admin_label=&#8221;2 &#8211; Menu &#8211; Content | Row&#8221; module_id=&#8221;div-to-show&#8221; module_class=&#8221;neto-menu-content-row div-content div-2 animation-type for-toRight menu-from-left&#8221; _builder_version=&#8221;4.7.4&#8243; _module_preset=&#8221;default&#8221; animation_style=&#8221;slide&#8221; animation_direction=&#8221;left&#8221; animation_delay=&#8221;700ms&#8221; animation_intensity_slide=&#8221;5%&#8221;][et_pb_column type=&#8221;4_4&#8243; module_class=&#8221;menu-from-left-trigger-animation&#8221; _builder_version=&#8221;4.7.4&#8243; _module_preset=&#8221;default&#8221;][et_pb_accordion admin_label=&#8221;L\u00e9galisations&#8221; _builder_version=&#8221;4.7.4&#8243; _module_preset=&#8221;default&#8221;][et_pb_accordion_item title=&#8221;Why should I have a document legalized or apostilled?&#8221; open=&#8221;on&#8221; _builder_version=&#8221;4.7.4&#8243; _module_preset=&#8221;default&#8221; toggle_level=&#8221;h3&#8243;]All French documents intended to be used in another country must first be endorsed by a French authority and then by the consulate of the country of destination.[\/et_pb_accordion_item][et_pb_accordion_item title=&#8221;Can I provide a copy of the documents to be legalized or apostilled?&#8221; _builder_version=&#8221;4.7.4&#8243; _module_preset=&#8221;default&#8221; toggle_level=&#8221;h3&#8243; open=&#8221;off&#8221;]No, the originals must be offered[\/et_pb_accordion_item][et_pb_accordion_item title=&#8221;Can I send you my documents to be legalized or apostilled by email?&#8221; _builder_version=&#8221;4.7.4&#8243; _module_preset=&#8221;default&#8221; toggle_level=&#8221;h3&#8243; open=&#8221;off&#8221;]No, the originals must be offered[\/et_pb_accordion_item][\/et_pb_accordion][\/et_pb_column][\/et_pb_row][\/et_pb_section]\n\n\n","protected":false},"excerpt":{"rendered":"<p>Help &#8211; FAQ Visas LegalizationsThe original passport is required for all visa applications outside of eVisa.Be sure to provide a passport in good condition! Not only would you risk being refused your visa application and, if it is accepted, being refused access to the territory when you pass through the border post.No, generally your passport [&hellip;]<\/p>\n","protected":false},"author":1,"featured_media":0,"parent":0,"menu_order":0,"comment_status":"closed","ping_status":"closed","template":"","meta":{"_et_pb_use_builder":"on","_et_pb_old_content":"","_et_gb_content_width":""},"yoast_head":"<!-- This site is optimized with the Yoast SEO plugin v19.7.1 - https:\/\/yoast.com\/wordpress\/plugins\/seo\/ -->\n<title>VTI visa obtaining Agency | Paris | Help - FAQ<\/title>\n<meta name=\"description\" content=\"You have questions about visas. Our most common answers on your needs.\" \/>\n<meta name=\"robots\" content=\"index, follow, max-snippet:-1, max-image-preview:large, max-video-preview:-1\" \/>\n<link rel=\"canonical\" href=\"https:\/\/www.visatravel.fr\/en\/help-faq\/\" \/>\n<meta property=\"og:locale\" content=\"en_US\" \/>\n<meta property=\"og:type\" content=\"article\" \/>\n<meta property=\"og:title\" content=\"VTI visa obtaining Agency | Paris | Help - FAQ\" \/>\n<meta property=\"og:description\" content=\"You have questions about visas. Our most common answers on your needs.\" \/>\n<meta property=\"og:url\" content=\"https:\/\/www.visatravel.fr\/en\/help-faq\/\" \/>\n<meta property=\"og:site_name\" content=\"Visa Travel International\" \/>\n<meta property=\"article:modified_time\" content=\"2021-01-27T14:51:48+00:00\" \/>\n<meta name=\"twitter:card\" content=\"summary_large_image\" \/>\n<meta name=\"twitter:label1\" content=\"Est. reading time\" \/>\n\t<meta name=\"twitter:data1\" content=\"8 minutes\" \/>\n<script type=\"application\/ld+json\" class=\"yoast-schema-graph\">{\"@context\":\"https:\/\/schema.org\",\"@graph\":[{\"@type\":\"WebPage\",\"@id\":\"https:\/\/www.visatravel.fr\/en\/help-faq\/\",\"url\":\"https:\/\/www.visatravel.fr\/en\/help-faq\/\",\"name\":\"VTI visa obtaining Agency | Paris | Help - FAQ\",\"isPartOf\":{\"@id\":\"https:\/\/www.visatravel.fr\/en\/#website\"},\"datePublished\":\"2020-12-29T16:30:04+00:00\",\"dateModified\":\"2021-01-27T14:51:48+00:00\",\"description\":\"You have questions about visas. Our most common answers on your needs.\",\"breadcrumb\":{\"@id\":\"https:\/\/www.visatravel.fr\/en\/help-faq\/#breadcrumb\"},\"inLanguage\":\"en-US\",\"potentialAction\":[{\"@type\":\"ReadAction\",\"target\":[\"https:\/\/www.visatravel.fr\/en\/help-faq\/\"]}]},{\"@type\":\"BreadcrumbList\",\"@id\":\"https:\/\/www.visatravel.fr\/en\/help-faq\/#breadcrumb\",\"itemListElement\":[{\"@type\":\"ListItem\",\"position\":1,\"name\":\"Home\",\"item\":\"https:\/\/www.visatravel.fr\/en\/\"},{\"@type\":\"ListItem\",\"position\":2,\"name\":\"Help &#8211; Frequently Asked Questions\"}]},{\"@type\":\"WebSite\",\"@id\":\"https:\/\/www.visatravel.fr\/en\/#website\",\"url\":\"https:\/\/www.visatravel.fr\/en\/\",\"name\":\"Visa Travel International\",\"description\":\"Visa Travel International est une soci\u00e9t\u00e9 fran\u00e7aise d\u00e9di\u00e9e \u00e0 la mobilit\u00e9 dans le monde, dirig\u00e9e par des professionnels du tourisme \u00e0 votre \u00e9coute.\",\"potentialAction\":[{\"@type\":\"SearchAction\",\"target\":{\"@type\":\"EntryPoint\",\"urlTemplate\":\"https:\/\/www.visatravel.fr\/en\/?s={search_term_string}\"},\"query-input\":\"required name=search_term_string\"}],\"inLanguage\":\"en-US\"}]}<\/script>\n<!-- \/ Yoast SEO plugin. -->","yoast_head_json":{"title":"VTI visa obtaining Agency | Paris | Help - FAQ","description":"You have questions about visas. Our most common answers on your needs.","robots":{"index":"index","follow":"follow","max-snippet":"max-snippet:-1","max-image-preview":"max-image-preview:large","max-video-preview":"max-video-preview:-1"},"canonical":"https:\/\/www.visatravel.fr\/en\/help-faq\/","og_locale":"en_US","og_type":"article","og_title":"VTI visa obtaining Agency | Paris | Help - FAQ","og_description":"You have questions about visas. Our most common answers on your needs.","og_url":"https:\/\/www.visatravel.fr\/en\/help-faq\/","og_site_name":"Visa Travel International","article_modified_time":"2021-01-27T14:51:48+00:00","twitter_card":"summary_large_image","twitter_misc":{"Est. reading time":"8 minutes"},"schema":{"@context":"https:\/\/schema.org","@graph":[{"@type":"WebPage","@id":"https:\/\/www.visatravel.fr\/en\/help-faq\/","url":"https:\/\/www.visatravel.fr\/en\/help-faq\/","name":"VTI visa obtaining Agency | Paris | Help - FAQ","isPartOf":{"@id":"https:\/\/www.visatravel.fr\/en\/#website"},"datePublished":"2020-12-29T16:30:04+00:00","dateModified":"2021-01-27T14:51:48+00:00","description":"You have questions about visas. Our most common answers on your needs.","breadcrumb":{"@id":"https:\/\/www.visatravel.fr\/en\/help-faq\/#breadcrumb"},"inLanguage":"en-US","potentialAction":[{"@type":"ReadAction","target":["https:\/\/www.visatravel.fr\/en\/help-faq\/"]}]},{"@type":"BreadcrumbList","@id":"https:\/\/www.visatravel.fr\/en\/help-faq\/#breadcrumb","itemListElement":[{"@type":"ListItem","position":1,"name":"Home","item":"https:\/\/www.visatravel.fr\/en\/"},{"@type":"ListItem","position":2,"name":"Help &#8211; Frequently Asked Questions"}]},{"@type":"WebSite","@id":"https:\/\/www.visatravel.fr\/en\/#website","url":"https:\/\/www.visatravel.fr\/en\/","name":"Visa Travel International","description":"Visa Travel International est une soci\u00e9t\u00e9 fran\u00e7aise d\u00e9di\u00e9e \u00e0 la mobilit\u00e9 dans le monde, dirig\u00e9e par des professionnels du tourisme \u00e0 votre \u00e9coute.","potentialAction":[{"@type":"SearchAction","target":{"@type":"EntryPoint","urlTemplate":"https:\/\/www.visatravel.fr\/en\/?s={search_term_string}"},"query-input":"required name=search_term_string"}],"inLanguage":"en-US"}]}},"_links":{"self":[{"href":"https:\/\/www.visatravel.fr\/en\/wp-json\/wp\/v2\/pages\/256079"}],"collection":[{"href":"https:\/\/www.visatravel.fr\/en\/wp-json\/wp\/v2\/pages"}],"about":[{"href":"https:\/\/www.visatravel.fr\/en\/wp-json\/wp\/v2\/types\/page"}],"author":[{"embeddable":true,"href":"https:\/\/www.visatravel.fr\/en\/wp-json\/wp\/v2\/users\/1"}],"replies":[{"embeddable":true,"href":"https:\/\/www.visatravel.fr\/en\/wp-json\/wp\/v2\/comments?post=256079"}],"version-history":[{"count":4,"href":"https:\/\/www.visatravel.fr\/en\/wp-json\/wp\/v2\/pages\/256079\/revisions"}],"predecessor-version":[{"id":256174,"href":"https:\/\/www.visatravel.fr\/en\/wp-json\/wp\/v2\/pages\/256079\/revisions\/256174"}],"wp:attachment":[{"href":"https:\/\/www.visatravel.fr\/en\/wp-json\/wp\/v2\/media?parent=256079"}],"curies":[{"name":"wp","href":"https:\/\/api.w.org\/{rel}","templated":true}]}}