{"id":256078,"date":"2020-12-30T09:14:40","date_gmt":"2020-12-30T09:14:40","guid":{"rendered":"https:\/\/vti.95.179.213.57.altelis.com\/contact\/"},"modified":"2025-03-07T15:24:00","modified_gmt":"2025-03-07T15:24:00","slug":"contact","status":"publish","type":"page","link":"https:\/\/www.visatravel.fr\/en\/contact\/","title":{"rendered":"Contact"},"content":{"rendered":"<p>[et_pb_section fb_built=&#8221;1&#8243; admin_label=&#8221;Header &#8211; Image | Section&#8221; module_class=&#8221;global-section full-slider-section image animation-type for-toBottom&#8221; _builder_version=&#8221;4.16&#8243; background_enable_image=&#8221;off&#8221; locked=&#8221;off&#8221; collapsed=&#8221;off&#8221; global_colors_info=&#8221;{}&#8221;][et_pb_row admin_label=&#8221;Image | Row&#8221; module_class=&#8221;full-slider-row image&#8221; _builder_version=&#8221;4.16&#8243; width=&#8221;100%&#8221; max_width=&#8221;100%&#8221; height=&#8221;100%&#8221; global_colors_info=&#8221;{}&#8221;][et_pb_column type=&#8221;4_4&#8243; module_class=&#8221;col1&#8243; _builder_version=&#8221;4.16&#8243; global_colors_info=&#8221;{}&#8221;][et_pb_slider show_arrows=&#8221;off&#8221; admin_label=&#8221;Slider&#8221; module_class=&#8221;full-slider-module image&#8221; _builder_version=&#8221;4.16&#8243; background_color_gradient_direction=&#8221;90deg&#8221; background_enable_image=&#8221;off&#8221; width=&#8221;100%&#8221; height=&#8221;100%&#8221; auto=&#8221;on&#8221; auto_ignore_hover=&#8221;on&#8221; global_colors_info=&#8221;{}&#8221;][et_pb_slide admin_title=&#8221;Image&#8221; _builder_version=&#8221;4.16&#8243; background_enable_color=&#8221;off&#8221; background_image=&#8221;https:\/\/www.visatravel.fr\/wp-content\/uploads\/2021\/01\/vti-contacter-nous.jpg&#8221; background_enable_image=&#8221;on&#8221; global_colors_info=&#8221;{}&#8221; sticky_transition=&#8221;on&#8221;]<\/p>\n<h1 class=\"main-title\">To contact us<\/h1>\n<h2 class=\"secondary-title\">A question ?<\/h2>\n<p>[\/et_pb_slide][\/et_pb_slider][\/et_pb_column][\/et_pb_row][\/et_pb_section][et_pb_section fb_built=&#8221;1&#8243; admin_label=&#8221;EN &#8211; Formulaire Contact | Section&#8221; module_class=&#8221;global-section form-section contact animation-type for-toRight&#8221; _builder_version=&#8221;4.7.4&#8243; _module_preset=&#8221;default&#8221; global_module=&#8221;255433&#8243; saved_tabs=&#8221;all&#8221; collapsed=&#8221;off&#8221; global_colors_info=&#8221;{}&#8221;][et_pb_row admin_label=&#8221;Formulaire Contact | Row&#8221; _builder_version=&#8221;4.16&#8243; _module_preset=&#8221;default&#8221; global_colors_info=&#8221;{}&#8221;][et_pb_column type=&#8221;4_4&#8243; _builder_version=&#8221;4.16&#8243; _module_preset=&#8221;default&#8221; global_colors_info=&#8221;{}&#8221;][et_pb_text admin_label=&#8221;Titre&#8221; module_class=&#8221;title-module center&#8221; _builder_version=&#8221;4.16&#8243; _module_preset=&#8221;default&#8221; locked=&#8221;off&#8221; global_colors_info=&#8221;{}&#8221;]<\/p>\n<h2 class=\"main-title\">Questions, comments&#8230; or improvement ideas?<\/h2>\n<p>[\/et_pb_text][et_pb_code admin_label=&#8221;Formulaire Contact | Module&#8221; module_class=&#8221;form-module contact&#8221; _builder_version=&#8221;4.16&#8243; _module_preset=&#8221;default&#8221; global_colors_info=&#8221;{}&#8221;]<\/p>\n<form method=\"POST\" class=\"global-form shadow-form\" id=\"formulaire-contact\"><!-- [et_pb_line_break_holder] -->    <!-- [et_pb_line_break_holder] --><!-- [et_pb_line_break_holder] -->    <\/p>\n<div class=\"global-form-content\"><!-- [et_pb_line_break_holder] -->        <!-- [et_pb_line_break_holder] --><!-- [et_pb_line_break_holder] -->        <\/p>\n<div class=\"global-form-2col-row\"><!-- [et_pb_line_break_holder] -->            <!-- [et_pb_line_break_holder] --><!-- [et_pb_line_break_holder] -->            <\/p>\n<div class='global-form-input-text'><!-- [et_pb_line_break_holder] -->                <!-- [et_pb_line_break_holder] --> <input name=\"nom\" type=\"text\" class='' required<!-- [et_pb_line_break_holder] -->                    autocomplete=&#8221;family-name&#8221;><!-- [et_pb_line_break_holder] --> <label>Last name<\/label><!-- [et_pb_line_break_holder] -->                <!-- [et_pb_line_break_holder] --><!-- [et_pb_line_break_holder] -->                <\/p>\n<div class=\"input-error-message\">\u274c Please fill in this field.<\/div>\n<p><!-- [et_pb_line_break_holder] --><!-- [et_pb_line_break_holder] -->            <\/div>\n<p><!-- [et_pb_line_break_holder] --><!-- [et_pb_line_break_holder] -->            <\/p>\n<div class='global-form-input-text'><!-- [et_pb_line_break_holder] -->                <!-- [et_pb_line_break_holder] --> <input name=\"prenom\" type=\"text\" class='' required<!-- [et_pb_line_break_holder] -->                    autocomplete=&#8221;given-name&#8221;><!-- [et_pb_line_break_holder] --> <label>First name<\/label><!-- [et_pb_line_break_holder] -->                <!-- [et_pb_line_break_holder] --><!-- [et_pb_line_break_holder] -->                <\/p>\n<div class=\"input-error-message\">\u274c Please fill in this field.<\/div>\n<p><!-- [et_pb_line_break_holder] --><!-- [et_pb_line_break_holder] -->            <\/div>\n<p><!-- [et_pb_line_break_holder] --><!-- [et_pb_line_break_holder] -->            <\/p>\n<div class='global-form-input-text'><!-- [et_pb_line_break_holder] -->                <!-- [et_pb_line_break_holder] --> <input name=\"mail\" type=\"email\" class='' required<!-- [et_pb_line_break_holder] -->                    autocomplete=&#8221;email&#8221;><!-- [et_pb_line_break_holder] --> <label>E-mail<\/label><!-- [et_pb_line_break_holder] -->                <!-- [et_pb_line_break_holder] --><!-- [et_pb_line_break_holder] -->                <\/p>\n<div class=\"input-error-message\">\u274c Please include &#8220;@&#8221; in the e-mail address.<\/div>\n<p><!-- [et_pb_line_break_holder] -->                <!-- [et_pb_line_break_holder] --><!-- [et_pb_line_break_holder] -->            <\/div>\n<p><!-- [et_pb_line_break_holder] --><!-- [et_pb_line_break_holder] -->            <\/p>\n<div class='global-form-input-text'><!-- [et_pb_line_break_holder] -->                <!-- [et_pb_line_break_holder] --> <input name=\"tel\" type=\"tel\" class='' pattern=\"[0-9+.]{10,}\"<!-- [et_pb_line_break_holder] -->                    autocomplete=&#8221;tel&#8221;><!-- [et_pb_line_break_holder] --> <label>Phone (optional)<\/label><!-- [et_pb_line_break_holder] -->                <!-- [et_pb_line_break_holder] --><!-- [et_pb_line_break_holder] -->                <\/p>\n<div class=\"input-error-message\">\u274c Please use only numeric characters.<\/div>\n<p><!-- [et_pb_line_break_holder] -->                <!-- [et_pb_line_break_holder] --><!-- [et_pb_line_break_holder] -->            <\/div>\n<p><!-- [et_pb_line_break_holder] --><!-- [et_pb_line_break_holder] -->        <\/div>\n<p><!-- [et_pb_line_break_holder] --><!-- [et_pb_line_break_holder] -->        <!-- [et_pb_line_break_holder] --><!-- [et_pb_line_break_holder] -->        <\/p>\n<div class='global-form-input-area'><!-- [et_pb_line_break_holder] -->            <!-- [et_pb_line_break_holder] --> <label class=\"required\">Comment<\/label><!-- [et_pb_line_break_holder] --><!-- [et_pb_line_break_holder] -->            <textarea name=\"message\" rows=\"8\" class='' placeholder=\"Enter your message...\" required><\/textarea><!-- [et_pb_line_break_holder] -->            <!-- [et_pb_line_break_holder] --><!-- [et_pb_line_break_holder] -->            <\/p>\n<div class=\"input-error-message\">\u274c Please fill in this field.<\/div>\n<p><!-- [et_pb_line_break_holder] --><!-- [et_pb_line_break_holder] -->        <\/div>\n<p><!-- [et_pb_line_break_holder] --><!-- [et_pb_line_break_holder] -->        <!-- [et_pb_line_break_holder] --><!-- [et_pb_line_break_holder] -->        <\/p>\n<div class='global-form-input-area'><!-- [et_pb_line_break_holder] -->            <!-- [et_pb_line_break_holder] --> <label>Improvement suggestion?<\/label><!-- [et_pb_line_break_holder] -->            <!-- [et_pb_line_break_holder] --> <textarea name=\"suggestion\" rows=\"3\" class=''<!-- [et_pb_line_break_holder] -->                placeholder=&#8221;Enter your message&#8230;&#8221;><\/textarea><!-- [et_pb_line_break_holder] --><!-- [et_pb_line_break_holder] -->        <\/div>\n<p><!-- [et_pb_line_break_holder] --><!-- [et_pb_line_break_holder] -->        <!-- [et_pb_line_break_holder] --><!-- [et_pb_line_break_holder] -->        <\/p>\n<div class=\"global-form-submit-row\"><!-- [et_pb_line_break_holder] -->            <!-- [et_pb_line_break_holder] --><!-- [et_pb_line_break_holder] -->            <\/p>\n<div class='global-form-captcha'><!-- [et_pb_line_break_holder] -->                <!-- [et_pb_line_break_holder] -->     <label><span class='captcha-nb-1'>3<\/span> + <span class='captcha-nb-2'>3<\/span> = <\/label><!-- [et_pb_line_break_holder] --> <input<!-- [et_pb_line_break_holder] -->                    name=&#8221;captcha&#8221; type=&#8221;text&#8221; class=&#8221; pattern=&#8221;[0-9]{2}&#8221; maxlength=&#8221;2&#8243; required><!-- [et_pb_line_break_holder] -->                <!-- [et_pb_line_break_holder] --><!-- [et_pb_line_break_holder] -->                <\/p>\n<div class=\"input-error-message\">\u274c CAPTCHA incorrect.<\/div>\n<p><!-- [et_pb_line_break_holder] --><!-- [et_pb_line_break_holder] -->            <\/div>\n<p><!-- [et_pb_line_break_holder] --> <button type=\"submit\"<!-- [et_pb_line_break_holder] -->                class=&#8221;global-btn yellow-full arrow-right&#8221;>Send<\/button><!-- [et_pb_line_break_holder] --><!-- [et_pb_line_break_holder] -->        <\/div>\n<p><!-- [et_pb_line_break_holder] --><!-- [et_pb_line_break_holder] -->    <\/div>\n<p><!-- [et_pb_line_break_holder] --><!-- [et_pb_line_break_holder] -->    <!-- [et_pb_line_break_holder] --><!-- [et_pb_line_break_holder] -->    <\/p>\n<div class=\"global-form-sent\"><!-- [et_pb_line_break_holder] -->        <!-- [et_pb_line_break_holder] --> <span class=\"message-check-icon\"><\/span><!-- [et_pb_line_break_holder] --><!-- [et_pb_line_break_holder] -->        <\/p>\n<h3 class=\"main-title\">Your message has been sent!<\/h3>\n<p><!-- [et_pb_line_break_holder] --><!-- [et_pb_line_break_holder] -->        <pee>Thank you for your message.<!-- [et_pb_line_break_holder] -->            <!-- [et_pb_line_break_holder] --> <!\u2013- [et_pb_br_holder] -\u2013>You will be informed as soon as possible of the processing of your request.<\/pee><!-- [et_pb_line_break_holder] --><!-- [et_pb_line_break_holder] -->    <\/div>\n<p><!-- [et_pb_line_break_holder] --><!-- [et_pb_line_break_holder] -->    <!-- [et_pb_line_break_holder] --><!-- [et_pb_line_break_holder] --><\/form>\n<p>[\/et_pb_code][\/et_pb_column][\/et_pb_row][\/et_pb_section][et_pb_section fb_built=&#8221;1&#8243; admin_label=&#8221;EN &#8211; Contact Map | Section&#8221; module_class=&#8221;global-section contact-map-section animation-type for-toBottom&#8221; _builder_version=&#8221;4.7.4&#8243; _module_preset=&#8221;default&#8221; background_image=&#8221;https:\/\/www.visatravel.fr\/wp-content\/uploads\/2020\/12\/visa-travel-international-carte.jpg&#8221; global_module=&#8221;255429&#8243; saved_tabs=&#8221;all&#8221; collapsed=&#8221;on&#8221; global_colors_info=&#8221;{}&#8221;][et_pb_row admin_label=&#8221;Titre | Row&#8221; module_class=&#8221;contact-map-infos-row&#8221; _builder_version=&#8221;4.16&#8243; _module_preset=&#8221;default&#8221; global_colors_info=&#8221;{}&#8221;][et_pb_column type=&#8221;4_4&#8243; _builder_version=&#8221;4.16&#8243; _module_preset=&#8221;default&#8221; global_colors_info=&#8221;{}&#8221;][et_pb_text admin_label=&#8221;M 32px \/ Titre &#8211; Gradient &#8211; Gauche&#8221; module_class=&#8221;title-module left subtitle&#8221; _builder_version=&#8221;4.16&#8243; _module_preset=&#8221;default&#8221; locked=&#8221;off&#8221; global_colors_info=&#8221;{}&#8221;]<\/p>\n<h2 class=\"secondary-title\">How to find us<\/h2>\n<h3 class=\"main-title\">Visa Travel International<\/h3>\n<p>[\/et_pb_text][et_pb_blurb admin_label=&#8221;Adresse&#8221; module_class=&#8221;contact-map-blurb-module address&#8221; _builder_version=&#8221;4.16&#8243; _module_preset=&#8221;default&#8221; link_option_url=&#8221;https:\/\/www.google.com\/maps\/place\/\/data=!4m2!3m1!1s0x47e66ffa5ae7a213:0x375d55346ddac96b?source=g.page.share&#8221; link_option_url_new_window=&#8221;on&#8221; global_colors_info=&#8221;{}&#8221;]116, rue Lauriston<br \/>\n75116 Paris[\/et_pb_blurb][et_pb_blurb admin_label=&#8221;T\u00e9l\u00e9phone&#8221; module_class=&#8221;contact-map-blurb-module phone&#8221; _builder_version=&#8221;4.16&#8243; _module_preset=&#8221;default&#8221; link_option_url=&#8221;tel:+33 01 42 25 13 65&#8243; global_colors_info=&#8221;{}&#8221;]+33 01 42 25 13 65[\/et_pb_blurb][et_pb_blurb admin_label=&#8221;E-mail&#8221; module_class=&#8221;contact-map-blurb-module email&#8221; _builder_version=&#8221;4.16&#8243; _module_preset=&#8221;default&#8221; link_option_url=&#8221;mailto:contact@visatravel.fr&#8221; global_colors_info=&#8221;{}&#8221;]contact@visatravel.fr[\/et_pb_blurb][\/et_pb_column][\/et_pb_row][et_pb_row admin_label=&#8221;Tampon | Row&#8221; module_class=&#8221;stamp-image-row&#8221; _builder_version=&#8221;4.16&#8243; _module_preset=&#8221;default&#8221; global_colors_info=&#8221;{}&#8221;][et_pb_column type=&#8221;4_4&#8243; _builder_version=&#8221;4.16&#8243; _module_preset=&#8221;default&#8221; global_colors_info=&#8221;{}&#8221;][et_pb_image src=&#8221;https:\/\/www.visatravel.fr\/wp-content\/uploads\/2020\/12\/visa-travel-international-tampon-noir@2x.png&#8221; alt=&#8221;visa-travel-international-tampon-noir&#8221; title_text=&#8221;visa-travel-international-tampon-noir&#8221; url=&#8221;#products&#8221; admin_label=&#8221;Tampon&#8221; module_class=&#8221;stamp-image-module&#8221; _builder_version=&#8221;4.16&#8243; _module_preset=&#8221;default&#8221; global_colors_info=&#8221;{}&#8221;][\/et_pb_image][\/et_pb_column][\/et_pb_row][\/et_pb_section][et_pb_section fb_built=&#8221;1&#8243; disabled_on=&#8221;on|on|on&#8221; admin_label=&#8221;Formulaire Code | Section&#8221; _builder_version=&#8221;4.16&#8243; _module_preset=&#8221;default&#8221; disabled=&#8221;on&#8221; collapsed=&#8221;on&#8221; global_colors_info=&#8221;{}&#8221;][et_pb_row admin_label=&#8221;Formulaire Code | Row&#8221; _builder_version=&#8221;4.16&#8243; _module_preset=&#8221;default&#8221; global_colors_info=&#8221;{}&#8221;][et_pb_column type=&#8221;4_4&#8243; _builder_version=&#8221;4.16&#8243; _module_preset=&#8221;default&#8221; global_colors_info=&#8221;{}&#8221;][et_pb_code admin_label=&#8221;Formulaire Code | Module&#8221; _builder_version=&#8221;4.16&#8243; _module_preset=&#8221;default&#8221; global_colors_info=&#8221;{}&#8221;]<\/p>\n<form method=\"POST\" class=\"global-form\"><!-- [et_pb_line_break_holder] --><!-- [et_pb_line_break_holder] --><\/p>\n<div class=\"title-module left\">\n<h3 class=\"main-title\">Input text + Text area | Row<\/h3>\n<\/div>\n<p><!-- [et_pb_line_break_holder] --><!-- [et_pb_line_break_holder] --><\/p>\n<div class='global-form-input-item'><!-- [et_pb_line_break_holder] -->\t<input name=\"adresseArrival\" type=\"text\" class='global-form-input-text' required><!-- [et_pb_line_break_holder] -->\t<label>Rechercher une adresse<\/label><!-- [et_pb_line_break_holder] --><\/div>\n<p><!-- [et_pb_line_break_holder] --><\/p>\n<div class='global-form-input-item'><!-- [et_pb_line_break_holder] -->\t<label>Informations compl\u00e9mentaires<\/label><!-- [et_pb_line_break_holder] -->\t<input name=\"noteArrival\" type=\"textarea\" class='global-form-input-area'><!-- [et_pb_line_break_holder] --><\/div>\n<p><!-- [et_pb_line_break_holder] --><!-- [et_pb_line_break_holder] --><\/p>\n<div class=\"title-module left\">\n<h3 class=\"main-title\">4 Input text | Row<\/h3>\n<\/div>\n<p><!-- [et_pb_line_break_holder] --><!-- [et_pb_line_break_holder] --><\/p>\n<div class=\"global-form-input-row\"><!-- [et_pb_line_break_holder] -->\t<\/p>\n<div class='global-form-input-item'><!-- [et_pb_line_break_holder] -->\t\t<input name=\"nomArrival\" type=\"text\" class='global-form-input-text' required><!-- [et_pb_line_break_holder] -->\t\t<label>Nom<\/label><!-- [et_pb_line_break_holder] -->\t<\/div>\n<p><!-- [et_pb_line_break_holder] -->\t<\/p>\n<div class='global-form-input-item'><!-- [et_pb_line_break_holder] -->\t\t<input name=\"prenomArrival\" type=\"text\" class='global-form-input-text' required><!-- [et_pb_line_break_holder] -->\t\t<label>Pr\u00e9nom<\/label><!-- [et_pb_line_break_holder] -->\t<\/div>\n<p><!-- [et_pb_line_break_holder] -->\t<\/p>\n<div class='global-form-input-item'><!-- [et_pb_line_break_holder] -->\t\t<input name=\"mailArrival\" type=\"email\" class='global-form-input-text' required><!-- [et_pb_line_break_holder] -->\t\t<label>E-mail<\/label><!-- [et_pb_line_break_holder] -->\t<\/div>\n<p><!-- [et_pb_line_break_holder] -->\t<\/p>\n<div class='global-form-input-item'><!-- [et_pb_line_break_holder] -->\t\t<input name=\"telArrival\" type=\"tel\" class='global-form-input-text' required><!-- [et_pb_line_break_holder] -->\t\t<label>T\u00e9l\u00e9phone<\/label><!-- [et_pb_line_break_holder] -->\t<\/div>\n<p><!-- [et_pb_line_break_holder] --><\/div>\n<p><!-- [et_pb_line_break_holder] --><!-- [et_pb_line_break_holder] --><\/p>\n<div class=\"title-module left\">\n<h3 class=\"main-title\">Input text | Row<\/h3>\n<\/div>\n<p><!-- [et_pb_line_break_holder] --><!-- [et_pb_line_break_holder] --><\/p>\n<div class='global-form-input-item'><!-- [et_pb_line_break_holder] -->    <input name=\"nomArrival\" type=\"text\" class='global-form-input-text' required><!-- [et_pb_line_break_holder] -->    <label>Nom<\/label><!-- [et_pb_line_break_holder] --><\/div>\n<p><!-- [et_pb_line_break_holder] -->  <!-- [et_pb_line_break_holder] --><\/p>\n<div class=\"title-module left\">\n<h3 class=\"main-title\">Text area | Row<\/h3>\n<\/div>\n<p><!-- [et_pb_line_break_holder] --><!-- [et_pb_line_break_holder] --><\/p>\n<div class='global-form-input-item'><!-- [et_pb_line_break_holder] -->\t<label>Informations compl\u00e9mentaires<\/label><!-- [et_pb_line_break_holder] -->\t<input name=\"noteArrival\" type=\"textarea\" class='global-form-input-area'><!-- [et_pb_line_break_holder] --><\/div>\n<p><!-- [et_pb_line_break_holder] --><!-- [et_pb_line_break_holder] --><\/p>\n<div class=\"title-module left\">\n<h3 class=\"main-title\">Radio button | Row<\/h3>\n<\/div>\n<p><!-- [et_pb_line_break_holder] --><!-- [et_pb_line_break_holder] --><\/p>\n<div class='global-form-input-item'><!-- [et_pb_line_break_holder] -->\t<label>Vitesse<\/label><!-- [et_pb_line_break_holder] -->\t<input name=\"vitesse\" type=\"radio\" value=\"1\" id=\"type-1\" class='global-form-input-radio'><label for=\"type-1\"><\/p>\n<div class='global-form-input-radio-content'>\n<div class='global-form-input-radio-col1'>\n<div class=\"title-module left toggle\">\n<h3 class=\"main-title\">Express<\/h3>\n<\/div>\n<pee>Description<\/pee><\/div>\n<div class='global-form-input-radio-col2'><\/div>\n<\/div>\n<p><\/label><!-- [et_pb_line_break_holder] -->    <input name=\"vitesse\" type=\"radio\" value=\"2\" class='global-form-input-radio'><!-- [et_pb_line_break_holder] -->    <input name=\"vitesse\" type=\"radio\" value=\"3\" class='global-form-input-radio'><!-- [et_pb_line_break_holder] --><\/div>\n<p><!-- [et_pb_line_break_holder] --><!-- [et_pb_line_break_holder] --><\/p>\n<div class=\"title-module left\">\n<h3 class=\"main-title\">Checkbox button | Row<\/h3>\n<\/div>\n<p><!-- [et_pb_line_break_holder] --><!-- [et_pb_line_break_holder] --><\/p>\n<div class='global-form-input-item'><!-- [et_pb_line_break_holder] -->\t<label>Options<\/label><!-- [et_pb_line_break_holder] -->\t<input name=\"options\" type=\"checkbox\" value=\"1\" class='global-form-input-checkbox'><!-- [et_pb_line_break_holder] -->    <input name=\"options\" type=\"checkbox\" value=\"2\" class='global-form-input-checkbox'><!-- [et_pb_line_break_holder] -->    <input name=\"options\" type=\"checkbox\" value=\"3\" class='global-form-input-checkbox'><!-- [et_pb_line_break_holder] --><\/div>\n<p><!-- [et_pb_line_break_holder] --><!-- [et_pb_line_break_holder] --><\/form>\n<p>[\/et_pb_code][\/et_pb_column][\/et_pb_row][\/et_pb_section]<\/p>\n","protected":false},"excerpt":{"rendered":"<p>To contact us A question ?Questions, comments&#8230; or improvement ideas? autocomplete=&#8221;family-name&#8221; Last name \u274c Please fill in this field. autocomplete=&#8221;given-name&#8221; First name \u274c Please fill in this field. autocomplete=&#8221;email&#8221; E-mail \u274c Please include &#8220;@&#8221; in the e-mail address. autocomplete=&#8221;tel&#8221; Phone (optional) \u274c Please use only numeric characters. Comment \u274c Please fill in this field. Improvement [&hellip;]<\/p>\n","protected":false},"author":1,"featured_media":0,"parent":0,"menu_order":0,"comment_status":"closed","ping_status":"closed","template":"","meta":{"_et_pb_use_builder":"on","_et_pb_old_content":"","_et_gb_content_width":""},"yoast_head":"<!-- This site is optimized with the Yoast SEO plugin v19.7.1 - https:\/\/yoast.com\/wordpress\/plugins\/seo\/ -->\n<title>VTI visa obtaining Agency | Paris | Contact<\/title>\n<meta name=\"description\" content=\"Need to contact our team of experts in visa ?\" \/>\n<meta name=\"robots\" content=\"index, follow, max-snippet:-1, max-image-preview:large, max-video-preview:-1\" \/>\n<link rel=\"canonical\" href=\"https:\/\/www.visatravel.fr\/en\/contact\/\" \/>\n<meta property=\"og:locale\" content=\"en_US\" \/>\n<meta property=\"og:type\" content=\"article\" \/>\n<meta property=\"og:title\" content=\"VTI visa obtaining Agency | Paris | Contact\" \/>\n<meta property=\"og:description\" content=\"Need to contact our team of experts in visa ?\" \/>\n<meta property=\"og:url\" content=\"https:\/\/www.visatravel.fr\/en\/contact\/\" \/>\n<meta property=\"og:site_name\" content=\"Visa Travel International\" \/>\n<meta property=\"article:modified_time\" content=\"2025-03-07T15:24:00+00:00\" \/>\n<meta name=\"twitter:card\" content=\"summary_large_image\" \/>\n<meta name=\"twitter:label1\" content=\"Est. reading time\" \/>\n\t<meta name=\"twitter:data1\" content=\"2 minutes\" \/>\n<script type=\"application\/ld+json\" class=\"yoast-schema-graph\">{\"@context\":\"https:\/\/schema.org\",\"@graph\":[{\"@type\":\"WebPage\",\"@id\":\"https:\/\/www.visatravel.fr\/en\/contact\/\",\"url\":\"https:\/\/www.visatravel.fr\/en\/contact\/\",\"name\":\"VTI visa obtaining Agency | Paris | Contact\",\"isPartOf\":{\"@id\":\"https:\/\/www.visatravel.fr\/en\/#website\"},\"datePublished\":\"2020-12-30T09:14:40+00:00\",\"dateModified\":\"2025-03-07T15:24:00+00:00\",\"description\":\"Need to contact our team of experts in visa ?\",\"breadcrumb\":{\"@id\":\"https:\/\/www.visatravel.fr\/en\/contact\/#breadcrumb\"},\"inLanguage\":\"en-US\",\"potentialAction\":[{\"@type\":\"ReadAction\",\"target\":[\"https:\/\/www.visatravel.fr\/en\/contact\/\"]}]},{\"@type\":\"BreadcrumbList\",\"@id\":\"https:\/\/www.visatravel.fr\/en\/contact\/#breadcrumb\",\"itemListElement\":[{\"@type\":\"ListItem\",\"position\":1,\"name\":\"Home\",\"item\":\"https:\/\/www.visatravel.fr\/en\/\"},{\"@type\":\"ListItem\",\"position\":2,\"name\":\"Contact\"}]},{\"@type\":\"WebSite\",\"@id\":\"https:\/\/www.visatravel.fr\/en\/#website\",\"url\":\"https:\/\/www.visatravel.fr\/en\/\",\"name\":\"Visa Travel International\",\"description\":\"Visa Travel International est une soci\u00e9t\u00e9 fran\u00e7aise d\u00e9di\u00e9e \u00e0 la mobilit\u00e9 dans le monde, dirig\u00e9e par des professionnels du tourisme \u00e0 votre \u00e9coute.\",\"potentialAction\":[{\"@type\":\"SearchAction\",\"target\":{\"@type\":\"EntryPoint\",\"urlTemplate\":\"https:\/\/www.visatravel.fr\/en\/?s={search_term_string}\"},\"query-input\":\"required name=search_term_string\"}],\"inLanguage\":\"en-US\"}]}<\/script>\n<!-- \/ Yoast SEO plugin. -->","yoast_head_json":{"title":"VTI visa obtaining Agency | Paris | Contact","description":"Need to contact our team of experts in visa ?","robots":{"index":"index","follow":"follow","max-snippet":"max-snippet:-1","max-image-preview":"max-image-preview:large","max-video-preview":"max-video-preview:-1"},"canonical":"https:\/\/www.visatravel.fr\/en\/contact\/","og_locale":"en_US","og_type":"article","og_title":"VTI visa obtaining Agency | Paris | Contact","og_description":"Need to contact our team of experts in visa ?","og_url":"https:\/\/www.visatravel.fr\/en\/contact\/","og_site_name":"Visa Travel International","article_modified_time":"2025-03-07T15:24:00+00:00","twitter_card":"summary_large_image","twitter_misc":{"Est. reading time":"2 minutes"},"schema":{"@context":"https:\/\/schema.org","@graph":[{"@type":"WebPage","@id":"https:\/\/www.visatravel.fr\/en\/contact\/","url":"https:\/\/www.visatravel.fr\/en\/contact\/","name":"VTI visa obtaining Agency | Paris | Contact","isPartOf":{"@id":"https:\/\/www.visatravel.fr\/en\/#website"},"datePublished":"2020-12-30T09:14:40+00:00","dateModified":"2025-03-07T15:24:00+00:00","description":"Need to contact our team of experts in visa ?","breadcrumb":{"@id":"https:\/\/www.visatravel.fr\/en\/contact\/#breadcrumb"},"inLanguage":"en-US","potentialAction":[{"@type":"ReadAction","target":["https:\/\/www.visatravel.fr\/en\/contact\/"]}]},{"@type":"BreadcrumbList","@id":"https:\/\/www.visatravel.fr\/en\/contact\/#breadcrumb","itemListElement":[{"@type":"ListItem","position":1,"name":"Home","item":"https:\/\/www.visatravel.fr\/en\/"},{"@type":"ListItem","position":2,"name":"Contact"}]},{"@type":"WebSite","@id":"https:\/\/www.visatravel.fr\/en\/#website","url":"https:\/\/www.visatravel.fr\/en\/","name":"Visa Travel International","description":"Visa Travel International est une soci\u00e9t\u00e9 fran\u00e7aise d\u00e9di\u00e9e \u00e0 la mobilit\u00e9 dans le monde, dirig\u00e9e par des professionnels du tourisme \u00e0 votre \u00e9coute.","potentialAction":[{"@type":"SearchAction","target":{"@type":"EntryPoint","urlTemplate":"https:\/\/www.visatravel.fr\/en\/?s={search_term_string}"},"query-input":"required name=search_term_string"}],"inLanguage":"en-US"}]}},"_links":{"self":[{"href":"https:\/\/www.visatravel.fr\/en\/wp-json\/wp\/v2\/pages\/256078"}],"collection":[{"href":"https:\/\/www.visatravel.fr\/en\/wp-json\/wp\/v2\/pages"}],"about":[{"href":"https:\/\/www.visatravel.fr\/en\/wp-json\/wp\/v2\/types\/page"}],"author":[{"embeddable":true,"href":"https:\/\/www.visatravel.fr\/en\/wp-json\/wp\/v2\/users\/1"}],"replies":[{"embeddable":true,"href":"https:\/\/www.visatravel.fr\/en\/wp-json\/wp\/v2\/comments?post=256078"}],"version-history":[{"count":9,"href":"https:\/\/www.visatravel.fr\/en\/wp-json\/wp\/v2\/pages\/256078\/revisions"}],"predecessor-version":[{"id":292722,"href":"https:\/\/www.visatravel.fr\/en\/wp-json\/wp\/v2\/pages\/256078\/revisions\/292722"}],"wp:attachment":[{"href":"https:\/\/www.visatravel.fr\/en\/wp-json\/wp\/v2\/media?parent=256078"}],"curies":[{"name":"wp","href":"https:\/\/api.w.org\/{rel}","templated":true}]}}