{"id":256077,"date":"2020-12-30T18:08:50","date_gmt":"2020-12-30T18:08:50","guid":{"rendered":"https:\/\/vti.95.179.213.57.altelis.com\/qui-sommes-nous\/"},"modified":"2021-04-27T15:02:11","modified_gmt":"2021-04-27T15:02:11","slug":"who-are-we","status":"publish","type":"page","link":"https:\/\/www.visatravel.fr\/en\/who-are-we\/","title":{"rendered":"Who are we?"},"content":{"rendered":"<p>[et_pb_section fb_built=&#8221;1&#8243; admin_label=&#8221;Header &#8211; Image | Section&#8221; module_class=&#8221;global-section full-slider-section image animation-type for-toBottom&#8221; _builder_version=&#8221;4.7.4&#8243; background_enable_image=&#8221;off&#8221; locked=&#8221;off&#8221; collapsed=&#8221;on&#8221;][et_pb_row admin_label=&#8221;Image | Row&#8221; module_class=&#8221;full-slider-row image&#8221; _builder_version=&#8221;4.7.4&#8243; width=&#8221;100%&#8221; max_width=&#8221;100%&#8221; height=&#8221;100%&#8221;][et_pb_column type=&#8221;4_4&#8243; module_class=&#8221;col1&#8243; _builder_version=&#8221;4.4.1&#8243;][et_pb_slider show_arrows=&#8221;off&#8221; admin_label=&#8221;Slider&#8221; module_class=&#8221;full-slider-module image&#8221; _builder_version=&#8221;4.7.4&#8243; background_color_gradient_direction=&#8221;90deg&#8221; background_enable_image=&#8221;off&#8221; width=&#8221;100%&#8221; height=&#8221;100%&#8221; auto=&#8221;on&#8221; auto_ignore_hover=&#8221;on&#8221;][et_pb_slide admin_title=&#8221;Image&#8221; _builder_version=&#8221;4.7.4&#8243; background_enable_color=&#8221;off&#8221; background_image=&#8221;https:\/\/www.visatravel.fr\/wp-content\/uploads\/2021\/01\/visa-travel-international-qui-sommes-nous.jpg&#8221; background_enable_image=&#8221;on&#8221; sticky_transition=&#8221;on&#8221;]<\/p>\n<h1 class=\"main-title\">Who are we ?<\/h1>\n<h2 class=\"secondary-title\">Our team<\/h2>\n<p>[\/et_pb_slide][\/et_pb_slider][\/et_pb_column][\/et_pb_row][\/et_pb_section][et_pb_section fb_built=&#8221;1&#8243; admin_label=&#8221;Texte + Tampon | Section&#8221; module_class=&#8221;global-section text-stamp-section animation-type for-toRight&#8221; _builder_version=&#8221;4.7.4&#8243; _module_preset=&#8221;default&#8221; locked=&#8221;off&#8221; collapsed=&#8221;on&#8221;][et_pb_row admin_label=&#8221;Texte | Row&#8221; module_class=&#8221;text-stamp-row&#8221; _builder_version=&#8221;4.7.4&#8243; _module_preset=&#8221;default&#8221;][et_pb_column type=&#8221;4_4&#8243; _builder_version=&#8221;4.7.4&#8243; _module_preset=&#8221;default&#8221;][et_pb_text admin_label=&#8221;L 42px \/ ? &#8211; Titre &#8211; Gradient &#8211; Centr\u00e9&#8221; module_class=&#8221;title-module center interrogation picto&#8221; _builder_version=&#8221;4.7.4&#8243; _module_preset=&#8221;default&#8221; locked=&#8221;off&#8221;]<\/p>\n<h2 class=\"main-title\">Who are we<\/h2>\n<p>[\/et_pb_text][et_pb_text module_class=&#8221;text-module&#8221; _builder_version=&#8221;4.7.4&#8243; _module_preset=&#8221;default&#8221; custom_padding=&#8221;4px|||||&#8221;]<\/p>\n<p><strong>Visa Travel International<\/strong> is a <strong>French company<\/strong> dedicated to mobility around the world, run by tourism and business travel professionals at your service.<\/p>\n<p><strong> Founded in 1999<\/strong>, our teams are at your service with unfailing energy and motivation!<\/p>\n<p>Known and recognized expertise for more than 20 years, we do our very best to support you for all your professional and personal needs related to your travel, legalizations, deliveries,&#8230; but also for any useful and necessary advice for your <strong>national<\/strong> and <strong>international mobility<\/strong>.<\/p>\n<p>We put forward our particular attention to the <strong>confidentiality<\/strong> and <strong>security<\/strong> of our <strong>activities and data<\/strong> (data hosting in France) which are further reinforced by the fact that our employees (both sales, support and couriers) are all employees of the company and their loyalty (more than 10 years in average) is a reward.<\/p>\n<p>The location of our office, right into the heart of the embassies and consulates sector in Paris, allows us to offer speed and efficiency to our clients&#8217; requests.<\/p>\n<p>In order to <strong>inform<\/strong> and <strong>advise<\/strong> you effectively, we provide you with continuously updated country files (necessary documents and formalities, health information, geographical and political situation, etc.) thanks to the appropriate and efficient use of new technologies.<\/p>\n<p>Being particularly attentive to your needs, professionals in the Service provided, we also offer simple and comprehensive insurance for each of your needs and as part of a partnership with an expert company recognized worldwide in this field.<\/p>\n<p>Travel with peace of mind &#8230; we take care of everything and especially&#8230; we take care of you!<\/p>\n<p>[\/et_pb_text][et_pb_image src=&#8221;https:\/\/www.visatravel.fr\/wp-content\/uploads\/2020\/12\/visa-travel-international-tampon-noir@2x.png&#8221; alt=&#8221;visa-travel-international-tampon-noir&#8221; title_text=&#8221;visa-travel-international-tampon-noir&#8221; admin_label=&#8221;Tampon&#8221; module_class=&#8221;stamp-image-module&#8221; _builder_version=&#8221;4.7.4&#8243; _module_preset=&#8221;default&#8221;][\/et_pb_image][\/et_pb_column][\/et_pb_row][\/et_pb_section][et_pb_section fb_built=&#8221;1&#8243; admin_label=&#8221;R\u00e9assurance 6x &#8211; Dark bg | Section&#8221; module_class=&#8221;global-section reassurance-section dark-bg animation-type for-toBottom&#8221; _builder_version=&#8221;4.7.4&#8243; _module_preset=&#8221;default&#8221; locked=&#8221;off&#8221; collapsed=&#8221;on&#8221;][et_pb_row admin_label=&#8221;Titre | Row&#8221; module_class=&#8221;reassurance-title-row&#8221; _builder_version=&#8221;4.7.4&#8243; _module_preset=&#8221;default&#8221;][et_pb_column type=&#8221;4_4&#8243; _builder_version=&#8221;4.7.4&#8243; _module_preset=&#8221;default&#8221;][et_pb_text admin_label=&#8221;Titre&#8221; module_class=&#8221;title-module center interrogation picto&#8221; _builder_version=&#8221;4.7.4&#8243; _module_preset=&#8221;default&#8221; locked=&#8221;off&#8221;]<\/p>\n<h2 class=\"main-title\">Why<br \/> Visa Travel International<\/h2>\n<p>[\/et_pb_text][\/et_pb_column][\/et_pb_row][et_pb_row column_structure=&#8221;1_2,1_2&#8243; make_equal=&#8221;on&#8221; admin_label=&#8221;Blocs | Row&#8221; module_class=&#8221;reassurance-blocks-row&#8221; _builder_version=&#8221;4.7.4&#8243; _module_preset=&#8221;default&#8221;][et_pb_column type=&#8221;1_2&#8243; module_class=&#8221;reassurance-blocks-column&#8221; _builder_version=&#8221;4.7.4&#8243; _module_preset=&#8221;default&#8221;][et_pb_blurb title=&#8221;Professionnalism&#8221; alt=&#8221;visa-travel-international-favicon&#8221; admin_label=&#8221;Professionnalisme&#8221; module_class=&#8221;reassurance-blurb-module professionnalisme&#8221; _builder_version=&#8221;4.7.4&#8243; _module_preset=&#8221;default&#8221; header_level=&#8221;h3&#8243;]A professionalism praised by many companies from SMEs to Large Groups and Multinationals but also by individuals who trust us.[\/et_pb_blurb][\/et_pb_column][et_pb_column type=&#8221;1_2&#8243; module_class=&#8221;reassurance-blocks-column&#8221; _builder_version=&#8221;4.7.4&#8243; _module_preset=&#8221;default&#8221;][et_pb_blurb title=&#8221;The Team&#8221; alt=&#8221;visa-travel-international-favicon&#8221; admin_label=&#8221;\u00c9quipe&#8221; module_class=&#8221;reassurance-blurb-module equipe&#8221; _builder_version=&#8221;4.7.4&#8243; _module_preset=&#8221;default&#8221; header_level=&#8221;h3&#8243;]A very loyal team, on average for 10 years and 100% belonging to the company, concerned about your total satisfaction.[\/et_pb_blurb][\/et_pb_column][\/et_pb_row][et_pb_row column_structure=&#8221;1_2,1_2&#8243; make_equal=&#8221;on&#8221; admin_label=&#8221;Blocs | Row&#8221; module_class=&#8221;reassurance-blocks-row&#8221; _builder_version=&#8221;4.7.4&#8243; _module_preset=&#8221;default&#8221;][et_pb_column type=&#8221;1_2&#8243; module_class=&#8221;reassurance-blocks-column&#8221; _builder_version=&#8221;4.7.4&#8243; _module_preset=&#8221;default&#8221;][et_pb_blurb title=&#8221;Customization&#8221; alt=&#8221;visa-travel-international-favicon&#8221; admin_label=&#8221;Sur-mesure&#8221; module_class=&#8221;reassurance-blurb-module sur-mesure&#8221; _builder_version=&#8221;4.7.4&#8243; _module_preset=&#8221;default&#8221; header_level=&#8221;h3&#8243;]We are able to serve large international groups, multinationals with their own needs as well as SMB requirements.<br \/>\nWithout forgetting individuals&#8230; &#8220;tailor-made&#8221;![\/et_pb_blurb][\/et_pb_column][et_pb_column type=&#8221;1_2&#8243; module_class=&#8221;reassurance-blocks-column solution&#8221; _builder_version=&#8221;4.7.4&#8243; _module_preset=&#8221;default&#8221;][et_pb_blurb title=&#8221;Safety&#8221; alt=&#8221;visa-travel-international-favicon&#8221; admin_label=&#8221;S\u00e9curit\u00e9&#8221; module_class=&#8221;reassurance-blurb-module securite&#8221; _builder_version=&#8221;4.7.4&#8243; _module_preset=&#8221;default&#8221; header_level=&#8221;h3&#8243;]Secure premises, hosting of your data in France, their management in complete confidentiality, &#8230; rest assured of our constant vigilance.[\/et_pb_blurb][\/et_pb_column][\/et_pb_row][et_pb_row column_structure=&#8221;1_2,1_2&#8243; make_equal=&#8221;on&#8221; admin_label=&#8221;Blocs | Row&#8221; module_class=&#8221;reassurance-blocks-row&#8221; _builder_version=&#8221;4.7.4&#8243; _module_preset=&#8221;default&#8221;][et_pb_column type=&#8221;1_2&#8243; module_class=&#8221;reassurance-blocks-column&#8221; _builder_version=&#8221;4.7.4&#8243; _module_preset=&#8221;default&#8221;][et_pb_blurb title=&#8221;Close relationships&#8221; alt=&#8221;visa-travel-international-favicon&#8221; admin_label=&#8221;Proximit\u00e9&#8221; module_class=&#8221;reassurance-blurb-module proximite&#8221; _builder_version=&#8221;4.7.4&#8243; _module_preset=&#8221;default&#8221; header_level=&#8221;h3&#8243;]A personalized relationship and proximity with each of our customers.[\/et_pb_blurb][\/et_pb_column][et_pb_column type=&#8221;1_2&#8243; module_class=&#8221;reassurance-blocks-column solution&#8221; _builder_version=&#8221;4.7.4&#8243; _module_preset=&#8221;default&#8221;][et_pb_blurb title=&#8221;Solutions&#8221; alt=&#8221;visa-travel-international-favicon&#8221; admin_label=&#8221;Solutions&#8221; module_class=&#8221;reassurance-blurb-module solution&#8221; _builder_version=&#8221;4.7.4&#8243; _module_preset=&#8221;default&#8221; header_level=&#8221;h3&#8243;]Solution oriented mind-set, whatever your situation and \/ or request and a clear grasp of your speed requirements.[\/et_pb_blurb][\/et_pb_column][\/et_pb_row][\/et_pb_section][et_pb_section fb_built=&#8221;1&#8243; admin_label=&#8221;Petits + de VTI | Section&#8221; module_class=&#8221;global-section little-plus-section animation-type for-toRight&#8221; _builder_version=&#8221;4.7.4&#8243; _module_preset=&#8221;default&#8221; collapsed=&#8221;on&#8221;][et_pb_row admin_label=&#8221;Titre + Texte | Row&#8221; module_class=&#8221;little-plus-text-row&#8221; _builder_version=&#8221;4.7.4&#8243; _module_preset=&#8221;default&#8221;][et_pb_column type=&#8221;4_4&#8243; _builder_version=&#8221;4.7.4&#8243; _module_preset=&#8221;default&#8221;][et_pb_text admin_label=&#8221;Titre&#8221; module_class=&#8221;title-module center picto-plus picto&#8221; _builder_version=&#8221;4.7.4&#8243; _module_preset=&#8221;default&#8221; locked=&#8221;off&#8221;]<\/p>\n<h2 class=\"main-title\">The little extras that make the difference at VTI!<\/h2>\n<p>[\/et_pb_text][et_pb_text module_class=&#8221;text-module&#8221; _builder_version=&#8221;4.7.4&#8243; _module_preset=&#8221;default&#8221;]<\/p>\n<ul>\n<li>A simplified and transparent service offering<\/li>\n<li>Very high and steady level of customer satisfaction<\/li>\n<li>Listening to customers&#8217; suggestions and ideas for improvements<\/li>\n<li>Dedicated and expert couriers<\/li>\n<\/ul>\n<p>[\/et_pb_text][et_pb_image src=&#8221;https:\/\/www.visatravel.fr\/wp-content\/uploads\/2020\/12\/visa-travel-international-tampon-noir@2x.png&#8221; alt=&#8221;visa-travel-international-tampon-noir&#8221; title_text=&#8221;visa-travel-international-tampon-noir&#8221; admin_label=&#8221;Tampon&#8221; module_class=&#8221;stamp-image-module&#8221; _builder_version=&#8221;4.7.4&#8243; _module_preset=&#8221;default&#8221; locked=&#8221;off&#8221;][\/et_pb_image][\/et_pb_column][\/et_pb_row][\/et_pb_section][et_pb_section fb_built=&#8221;1&#8243; admin_label=&#8221;Produits | Section&#8221; module_id=&#8221;products&#8221; module_class=&#8221;global-section products-section who-are-we animation-type for-toRight&#8221; _builder_version=&#8221;4.7.4&#8243; _module_preset=&#8221;default&#8221; saved_tabs=&#8221;all&#8221; locked=&#8221;off&#8221; collapsed=&#8221;on&#8221;][et_pb_row admin_label=&#8221;Titre | Row&#8221; module_class=&#8221;products-title-row&#8221; _builder_version=&#8221;4.7.4&#8243; _module_preset=&#8221;default&#8221;][et_pb_column type=&#8221;4_4&#8243; _builder_version=&#8221;4.7.4&#8243; _module_preset=&#8221;default&#8221;][et_pb_text admin_label=&#8221;Nos services&#8221; module_class=&#8221;products-title-module&#8221; _builder_version=&#8221;4.7.4&#8243; _module_preset=&#8221;default&#8221; locked=&#8221;off&#8221;]<\/p>\n<h2>Our services<\/h2>\n<p>[\/et_pb_text][\/et_pb_column][\/et_pb_row][et_pb_row column_structure=&#8221;1_3,1_3,1_3&#8243; make_equal=&#8221;on&#8221; admin_label=&#8221;EN &#8211; Produits &#8211; Blocs | Row&#8221; module_class=&#8221;products-blocks-row global-slick&#8221; _builder_version=&#8221;4.7.4&#8243; _module_preset=&#8221;default&#8221; global_module=&#8221;255420&#8243; saved_tabs=&#8221;all&#8221; collapsed=&#8221;off&#8221;][et_pb_column type=&#8221;1_3&#8243; module_class=&#8221;products-blocks-column visa&#8221; admin_label=&#8221;Visa&#8221; _builder_version=&#8221;4.7.4&#8243; _module_preset=&#8221;default&#8221;][et_pb_blurb admin_label=&#8221;Visas et eVisas&#8221; module_class=&#8221;products-blocks-infos-blurb-module&#8221; _builder_version=&#8221;4.7.4&#8243; _module_preset=&#8221;default&#8221;]<span class=\"icon-visa\"><\/span><\/p>\n<h3>Visas &#038; eVisas<\/h3>\n<p>A Visa (or eVisa) is an official document, issued by the competent authorities of a country to which a person wishes to go.<\/p>\n<p>[\/et_pb_blurb][et_pb_button button_url=&#8221;\/en\/visas\/&#8221; button_text=&#8221;Search&#8221; admin_label=&#8221;Bouton&#8221; module_class=&#8221;global-btn red-full search&#8221; _builder_version=&#8221;4.7.4&#8243; _module_preset=&#8221;default&#8221; locked=&#8221;off&#8221;][\/et_pb_button][\/et_pb_column][et_pb_column type=&#8221;1_3&#8243; module_class=&#8221;products-blocks-column legalisation&#8221; admin_label=&#8221;Legalization&#8221; _builder_version=&#8221;4.7.4&#8243; _module_preset=&#8221;default&#8221;][et_pb_blurb admin_label=&#8221;L\u00e9galisations&#8221; module_class=&#8221;products-blocks-infos-blurb-module&#8221; _builder_version=&#8221;4.7.4&#8243; _module_preset=&#8221;default&#8221;]<span class=\"icon-legalisation\"><\/span><\/p>\n<h3>Legalizations<\/h3>\n<p>Legalization and apostille attest to the authenticity of a French document sent abroad.<\/p>\n<p>[\/et_pb_blurb][et_pb_button button_url=&#8221;\/en\/legalizations\/&#8221; button_text=&#8221;Search&#8221; admin_label=&#8221;Bouton&#8221; module_class=&#8221;global-btn red-full search&#8221; _builder_version=&#8221;4.7.4&#8243; _module_preset=&#8221;default&#8221; locked=&#8221;off&#8221;][\/et_pb_button][\/et_pb_column][et_pb_column type=&#8221;1_3&#8243; module_class=&#8221;products-blocks-column course&#8221; admin_label=&#8221;Deliveries&#8221; _builder_version=&#8221;4.7.4&#8243; _module_preset=&#8221;default&#8221;][et_pb_blurb admin_label=&#8221;Courses&#8221; module_class=&#8221;products-blocks-infos-blurb-module&#8221; _builder_version=&#8221;4.7.4&#8243; _module_preset=&#8221;default&#8221;]<span class=\"icon-course\"><\/span><\/p>\n<h3>Deliveries<\/h3>\n<p>You need to have a letter, a large file, a parcel (of reasonable size!) delivered to Paris (intra-muros)? Further away: Ile de France?<\/p>\n<p>[\/et_pb_blurb][et_pb_button button_url=&#8221;\/en\/deliveries\/&#8221; button_text=&#8221;Order&#8221; admin_label=&#8221;Bouton&#8221; module_class=&#8221;global-btn red-full basket&#8221; _builder_version=&#8221;4.7.4&#8243; _module_preset=&#8221;default&#8221; locked=&#8221;off&#8221;][\/et_pb_button][\/et_pb_column][\/et_pb_row][\/et_pb_section]<\/p>\n","protected":false},"excerpt":{"rendered":"<p>Who are we ? Our teamWho are weVisa Travel International is a French company dedicated to mobility around the world, run by tourism and business travel professionals at your service. Founded in 1999, our teams are at your service with unfailing energy and motivation! Known and recognized expertise for more than 20 years, we do [&hellip;]<\/p>\n","protected":false},"author":1,"featured_media":0,"parent":0,"menu_order":0,"comment_status":"closed","ping_status":"closed","template":"","meta":{"_et_pb_use_builder":"on","_et_pb_old_content":"","_et_gb_content_width":""},"yoast_head":"<!-- This site is optimized with the Yoast SEO plugin v19.7.1 - https:\/\/yoast.com\/wordpress\/plugins\/seo\/ -->\n<title>VTI visa obtaining Agency | Paris | Who are we ?<\/title>\n<meta name=\"description\" content=\"A team of experts for obtaining visas, employed and loyal for over ten years on average\" \/>\n<meta name=\"robots\" content=\"index, follow, max-snippet:-1, max-image-preview:large, max-video-preview:-1\" \/>\n<link rel=\"canonical\" href=\"https:\/\/www.visatravel.fr\/en\/who-are-we\/\" \/>\n<meta property=\"og:locale\" content=\"en_US\" \/>\n<meta property=\"og:type\" content=\"article\" \/>\n<meta property=\"og:title\" content=\"VTI visa obtaining Agency | Paris | Who are we ?\" \/>\n<meta property=\"og:description\" content=\"A team of experts for obtaining visas, employed and loyal for over ten years on average\" \/>\n<meta property=\"og:url\" content=\"https:\/\/www.visatravel.fr\/en\/who-are-we\/\" \/>\n<meta property=\"og:site_name\" content=\"Visa Travel International\" \/>\n<meta property=\"article:modified_time\" content=\"2021-04-27T15:02:11+00:00\" \/>\n<meta name=\"twitter:card\" content=\"summary_large_image\" \/>\n<meta name=\"twitter:label1\" content=\"Est. reading time\" \/>\n\t<meta name=\"twitter:data1\" content=\"8 minutes\" \/>\n<script type=\"application\/ld+json\" class=\"yoast-schema-graph\">{\"@context\":\"https:\/\/schema.org\",\"@graph\":[{\"@type\":\"WebPage\",\"@id\":\"https:\/\/www.visatravel.fr\/en\/who-are-we\/\",\"url\":\"https:\/\/www.visatravel.fr\/en\/who-are-we\/\",\"name\":\"VTI visa obtaining Agency | Paris | Who are we ?\",\"isPartOf\":{\"@id\":\"https:\/\/www.visatravel.fr\/en\/#website\"},\"datePublished\":\"2020-12-30T18:08:50+00:00\",\"dateModified\":\"2021-04-27T15:02:11+00:00\",\"description\":\"A team of experts for obtaining visas, employed and loyal for over ten years on average\",\"breadcrumb\":{\"@id\":\"https:\/\/www.visatravel.fr\/en\/who-are-we\/#breadcrumb\"},\"inLanguage\":\"en-US\",\"potentialAction\":[{\"@type\":\"ReadAction\",\"target\":[\"https:\/\/www.visatravel.fr\/en\/who-are-we\/\"]}]},{\"@type\":\"BreadcrumbList\",\"@id\":\"https:\/\/www.visatravel.fr\/en\/who-are-we\/#breadcrumb\",\"itemListElement\":[{\"@type\":\"ListItem\",\"position\":1,\"name\":\"Home\",\"item\":\"https:\/\/www.visatravel.fr\/en\/\"},{\"@type\":\"ListItem\",\"position\":2,\"name\":\"Who are we?\"}]},{\"@type\":\"WebSite\",\"@id\":\"https:\/\/www.visatravel.fr\/en\/#website\",\"url\":\"https:\/\/www.visatravel.fr\/en\/\",\"name\":\"Visa Travel International\",\"description\":\"Visa Travel International est une soci\u00e9t\u00e9 fran\u00e7aise d\u00e9di\u00e9e \u00e0 la mobilit\u00e9 dans le monde, dirig\u00e9e par des professionnels du tourisme \u00e0 votre \u00e9coute.\",\"potentialAction\":[{\"@type\":\"SearchAction\",\"target\":{\"@type\":\"EntryPoint\",\"urlTemplate\":\"https:\/\/www.visatravel.fr\/en\/?s={search_term_string}\"},\"query-input\":\"required name=search_term_string\"}],\"inLanguage\":\"en-US\"}]}<\/script>\n<!-- \/ Yoast SEO plugin. -->","yoast_head_json":{"title":"VTI visa obtaining Agency | Paris | Who are we ?","description":"A team of experts for obtaining visas, employed and loyal for over ten years on average","robots":{"index":"index","follow":"follow","max-snippet":"max-snippet:-1","max-image-preview":"max-image-preview:large","max-video-preview":"max-video-preview:-1"},"canonical":"https:\/\/www.visatravel.fr\/en\/who-are-we\/","og_locale":"en_US","og_type":"article","og_title":"VTI visa obtaining Agency | Paris | Who are we ?","og_description":"A team of experts for obtaining visas, employed and loyal for over ten years on average","og_url":"https:\/\/www.visatravel.fr\/en\/who-are-we\/","og_site_name":"Visa Travel International","article_modified_time":"2021-04-27T15:02:11+00:00","twitter_card":"summary_large_image","twitter_misc":{"Est. reading time":"8 minutes"},"schema":{"@context":"https:\/\/schema.org","@graph":[{"@type":"WebPage","@id":"https:\/\/www.visatravel.fr\/en\/who-are-we\/","url":"https:\/\/www.visatravel.fr\/en\/who-are-we\/","name":"VTI visa obtaining Agency | Paris | Who are we ?","isPartOf":{"@id":"https:\/\/www.visatravel.fr\/en\/#website"},"datePublished":"2020-12-30T18:08:50+00:00","dateModified":"2021-04-27T15:02:11+00:00","description":"A team of experts for obtaining visas, employed and loyal for over ten years on average","breadcrumb":{"@id":"https:\/\/www.visatravel.fr\/en\/who-are-we\/#breadcrumb"},"inLanguage":"en-US","potentialAction":[{"@type":"ReadAction","target":["https:\/\/www.visatravel.fr\/en\/who-are-we\/"]}]},{"@type":"BreadcrumbList","@id":"https:\/\/www.visatravel.fr\/en\/who-are-we\/#breadcrumb","itemListElement":[{"@type":"ListItem","position":1,"name":"Home","item":"https:\/\/www.visatravel.fr\/en\/"},{"@type":"ListItem","position":2,"name":"Who are we?"}]},{"@type":"WebSite","@id":"https:\/\/www.visatravel.fr\/en\/#website","url":"https:\/\/www.visatravel.fr\/en\/","name":"Visa Travel International","description":"Visa Travel International est une soci\u00e9t\u00e9 fran\u00e7aise d\u00e9di\u00e9e \u00e0 la mobilit\u00e9 dans le monde, dirig\u00e9e par des professionnels du tourisme \u00e0 votre \u00e9coute.","potentialAction":[{"@type":"SearchAction","target":{"@type":"EntryPoint","urlTemplate":"https:\/\/www.visatravel.fr\/en\/?s={search_term_string}"},"query-input":"required name=search_term_string"}],"inLanguage":"en-US"}]}},"_links":{"self":[{"href":"https:\/\/www.visatravel.fr\/en\/wp-json\/wp\/v2\/pages\/256077"}],"collection":[{"href":"https:\/\/www.visatravel.fr\/en\/wp-json\/wp\/v2\/pages"}],"about":[{"href":"https:\/\/www.visatravel.fr\/en\/wp-json\/wp\/v2\/types\/page"}],"author":[{"embeddable":true,"href":"https:\/\/www.visatravel.fr\/en\/wp-json\/wp\/v2\/users\/1"}],"replies":[{"embeddable":true,"href":"https:\/\/www.visatravel.fr\/en\/wp-json\/wp\/v2\/comments?post=256077"}],"version-history":[{"count":22,"href":"https:\/\/www.visatravel.fr\/en\/wp-json\/wp\/v2\/pages\/256077\/revisions"}],"predecessor-version":[{"id":268038,"href":"https:\/\/www.visatravel.fr\/en\/wp-json\/wp\/v2\/pages\/256077\/revisions\/268038"}],"wp:attachment":[{"href":"https:\/\/www.visatravel.fr\/en\/wp-json\/wp\/v2\/media?parent=256077"}],"curies":[{"name":"wp","href":"https:\/\/api.w.org\/{rel}","templated":true}]}}